{"id":24,"date":"2025-11-26T17:31:39","date_gmt":"2025-11-26T17:31:39","guid":{"rendered":"https:\/\/metafora.cc\/es\/?page_id=24"},"modified":"2026-04-30T01:27:52","modified_gmt":"2026-04-30T00:27:52","slug":"0-0","status":"publish","type":"page","link":"https:\/\/metafora.cc\/es\/0-0\/","title":{"rendered":"0.0"},"content":{"rendered":"\n<p>El C\u00edrculo de Teatro experimental <strong>Met\u00e1fora<\/strong> construye una po\u00e9tica esc\u00e9nica donde cada elemento funciona como signo en tensi\u00f3n, m\u00e1s que como representaci\u00f3n.  No reproduce la realidad: la desestabiliza. El espacio se configura como una topograf\u00eda simb\u00f3lica, organizada por umbrales, vac\u00edos y centros que despliegan significados en constante desplazamiento.<\/p>\n\n\n\n<p>El tiempo se suspende y se reitera, generando una experiencia donde los gestos no avanzan, sino que se intensifican. En esta l\u00f3gica, el cuerpo del actor deja de interpretar para <strong>manifestar<\/strong>: articula estados y transiciones a trav\u00e9s de una fisicalidad cercana a lo ritual.<\/p>\n\n\n\n<p>Los objetos, despojados de su funci\u00f3n, operan como n\u00facleos de sentido \u2014presencia, ausencia, memoria\u2014 que no se explican, sino que act\u00faan directamente sobre la percepci\u00f3n. El espectador, m\u00e1s que comprender, <strong>resuena<\/strong>: atraviesa una experiencia metaf\u00edsica abierta, donde el sentido permanece en expansi\u00f3n.<\/p>\n","protected":false},"excerpt":{"rendered":"<p>El C\u00edrculo de Teatro experimental Met\u00e1fora construye una po\u00e9tica esc\u00e9nica donde cada elemento funciona como signo en tensi\u00f3n, m\u00e1s que como representaci\u00f3n. No reproduce la realidad: la desestabiliza. El espacio se configura como una topograf\u00eda simb\u00f3lica, organizada por umbrales, vac\u00edos y centros que despliegan significados en constante desplazamiento. El tiempo se suspende y se reitera, [&hellip;]<\/p>\n","protected":false},"author":1,"featured_media":0,"parent":0,"menu_order":0,"comment_status":"closed","ping_status":"closed","template":"","meta":{"footnotes":""},"class_list":["post-24","page","type-page","status-publish","hentry"],"_links":{"self":[{"href":"https:\/\/metafora.cc\/es\/wp-json\/wp\/v2\/pages\/24","targetHints":{"allow":["GET"]}}],"collection":[{"href":"https:\/\/metafora.cc\/es\/wp-json\/wp\/v2\/pages"}],"about":[{"href":"https:\/\/metafora.cc\/es\/wp-json\/wp\/v2\/types\/page"}],"author":[{"embeddable":true,"href":"https:\/\/metafora.cc\/es\/wp-json\/wp\/v2\/users\/1"}],"replies":[{"embeddable":true,"href":"https:\/\/metafora.cc\/es\/wp-json\/wp\/v2\/comments?post=24"}],"version-history":[{"count":14,"href":"https:\/\/metafora.cc\/es\/wp-json\/wp\/v2\/pages\/24\/revisions"}],"predecessor-version":[{"id":75,"href":"https:\/\/metafora.cc\/es\/wp-json\/wp\/v2\/pages\/24\/revisions\/75"}],"wp:attachment":[{"href":"https:\/\/metafora.cc\/es\/wp-json\/wp\/v2\/media?parent=24"}],"curies":[{"name":"wp","href":"https:\/\/api.w.org\/{rel}","templated":true}]}}